{"id":2054,"date":"2026-01-26T18:38:26","date_gmt":"2026-01-26T18:38:26","guid":{"rendered":"https:\/\/elektrotechnik-farkas.at\/?post_type=product&#038;p=2054"},"modified":"2026-02-04T15:19:43","modified_gmt":"2026-02-04T15:19:43","slug":"enertex-knx-hv-dimmer-2000w-4x-1176-04","status":"publish","type":"product","link":"https:\/\/elektrotechnik-farkas.at\/?product=enertex-knx-hv-dimmer-2000w-4x-1176-04","title":{"rendered":"Enertex\u00ae KNX HV Dimmer 2000W\/4x  1176-04"},"content":{"rendered":"<p>Ein Dimmer f\u00fcr dimmbare 230V Leuchtmittel mit 4 Dimmkan\u00e4len.<br \/>\nGer\u00e4teeigenschaften:<br \/>\n\u2022 4 unabh\u00e4ngige Dimmkan\u00e4le, 230 VAC, 250 W pro Kanal<br \/>\n\u2022 Reiheneinbauger\u00e4t mit platzsparenden 4 TE Einbaubreite<br \/>\n\u2022 Unterst\u00fctzung von Phasenan- und Phasenabschnittsteuerung<br \/>\n\u2022 Parallelbetrieb von bis zu 4 Kan\u00e4len mit 1000W Gesamtleistung<br \/>\n\u2022 Dimmverfahren f\u00fcr sanfte Dimm\u00fcberg\u00e4nge und zus\u00e4tzlich ausw\u00e4hlbaren Dimmkurven<br \/>\n\u2022 Dimmverfahren f\u00fcr stabiles, flackerfreies Licht bei stark gedimmten Helligkeiten<br \/>\n\u2022 Geringe Verluste pro Kanal: Standby &lt; 0,2 W, Vollast &lt; 2 W<br \/>\n\u2022 Pro Kanal einen Energie- und Stromkostenz\u00e4hler mit genauer Wirkleistungsmessung<br \/>\nentsprechend der Genauigkeitsklasse A (2%)<br \/>\n\u2022 Inbetriebnahme- und Diagnosefunktionen mittels Display und Taster am Ger\u00e4t<br \/>\n\u2022 Automatisierte Inbetriebnahme mit Lasterkennung und Leuchtmitteleinmessung<br \/>\n\u2022 \u00dcberlast-, \u00dcberspannungs-, Kurzschluss- und Temperaturschutz mit Alarmmeldung<br \/>\n\u2022 Parametrierbarer Leuchtmittelschutz<br \/>\n\u2022 Funktionen der ETS-Applikation: Uhrzeitgesteuertes Dimmen, Einschlaf- und Aufwachlicht,<br \/>\nTreppenlichtfunktion mit Abschaltwarnung, Zeitschaltuhren, Szenen, Bitszenen, Sperrfunktion,<br \/>\numfangreiche Logikfunktionen<br \/>\nGeh\u00e4use:<br \/>\n\u2022 DIN-Hutschienengeh\u00e4use mit 4TE<br \/>\nStromversorgung\/Anschl\u00fcsse:<br \/>\n\u2022 Stromversorgung \u00fcber KNX-Bus<br \/>\n\u2022 Pro Kanal ein separater L- und N-Anschluss<br \/>\n\u2022 Je ein Ausgang pro Kanal zum Anschluss der Leuchtmittel<br \/>\nAnzeigen und Bedienung:<br \/>\n\u2022 LEDs f\u00fcr Programmiermodus, Alarmmeldung und Betrieb<br \/>\n\u2022 Taster f\u00fcr Programmiermodus und Men\u00fcnavigation<\/p>\n","protected":false},"excerpt":{"rendered":"<p>Ein Dimmer f\u00fcr dimmbare 230V Leuchtmittel mit 4 Dimmkan\u00e4len. Ger\u00e4teeigenschaften: \u2022 4 unabh\u00e4ngige Dimmkan\u00e4le, 230 VAC, 250 W pro Kanal \u2022 Reiheneinbauger\u00e4t mit platzsparenden 4 TE Einbaubreite \u2022 Unterst\u00fctzung von&hellip;<\/p>\n","protected":false},"featured_media":1981,"comment_status":"open","ping_status":"closed","template":"","meta":[],"product_cat":[56],"product_tag":[],"_links":{"self":[{"href":"https:\/\/elektrotechnik-farkas.at\/index.php?rest_route=\/wp\/v2\/product\/2054"}],"collection":[{"href":"https:\/\/elektrotechnik-farkas.at\/index.php?rest_route=\/wp\/v2\/product"}],"about":[{"href":"https:\/\/elektrotechnik-farkas.at\/index.php?rest_route=\/wp\/v2\/types\/product"}],"replies":[{"embeddable":true,"href":"https:\/\/elektrotechnik-farkas.at\/index.php?rest_route=%2Fwp%2Fv2%2Fcomments&post=2054"}],"wp:featuredmedia":[{"embeddable":true,"href":"https:\/\/elektrotechnik-farkas.at\/index.php?rest_route=\/wp\/v2\/media\/1981"}],"wp:attachment":[{"href":"https:\/\/elektrotechnik-farkas.at\/index.php?rest_route=%2Fwp%2Fv2%2Fmedia&parent=2054"}],"wp:term":[{"taxonomy":"product_cat","embeddable":true,"href":"https:\/\/elektrotechnik-farkas.at\/index.php?rest_route=%2Fwp%2Fv2%2Fproduct_cat&post=2054"},{"taxonomy":"product_tag","embeddable":true,"href":"https:\/\/elektrotechnik-farkas.at\/index.php?rest_route=%2Fwp%2Fv2%2Fproduct_tag&post=2054"}],"curies":[{"name":"wp","href":"https:\/\/api.w.org\/{rel}","templated":true}]}}