{"id":2046,"date":"2026-01-26T18:10:29","date_gmt":"2026-01-26T18:10:29","guid":{"rendered":"https:\/\/elektrotechnik-farkas.at\/?post_type=product&#038;p=2046"},"modified":"2026-02-04T15:21:39","modified_gmt":"2026-02-04T15:21:39","slug":"enertex-alura-zweifach-1178-02-sw","status":"publish","type":"product","link":"https:\/\/elektrotechnik-farkas.at\/?product=enertex-alura-zweifach-1178-02-sw","title":{"rendered":"Enertex\u00ae AluRa \u2013 zweifach 1178-02-sw"},"content":{"rendered":"<p>Der Rahmen ist ein aus dem Vollen gefr\u00e4ster Schalter- und Steckdosen-Rahmen. Er ist passend f\u00fcr<br \/>\n55er Eins\u00e4tze von Jung Serie A und AS (inkl. USB-Steckdose).<br \/>\nGer\u00e4teeigenschaften:<br \/>\n\u2022 Hochwertiger eloxierter Voll-Aluminium-Rahmen<br \/>\n\u2022 Optimierte Schattenfuge, passend f\u00fcr 55er Eins\u00e4tze von Jung Serie A und AS (inkl. USBSteckdose)<br \/>\n\u2022 Eloxiertes Voll-Aluminium-Geh\u00e4use (161X90X10)<\/p>\n","protected":false},"excerpt":{"rendered":"<p>Der Rahmen ist ein aus dem Vollen gefr\u00e4ster Schalter- und Steckdosen-Rahmen. Er ist passend f\u00fcr 55er Eins\u00e4tze von Jung Serie A und AS (inkl. USB-Steckdose). Ger\u00e4teeigenschaften: \u2022 Hochwertiger eloxierter Voll-Aluminium-Rahmen&hellip;<\/p>\n","protected":false},"featured_media":1995,"comment_status":"open","ping_status":"closed","template":"","meta":[],"product_cat":[56],"product_tag":[],"_links":{"self":[{"href":"https:\/\/elektrotechnik-farkas.at\/index.php?rest_route=\/wp\/v2\/product\/2046"}],"collection":[{"href":"https:\/\/elektrotechnik-farkas.at\/index.php?rest_route=\/wp\/v2\/product"}],"about":[{"href":"https:\/\/elektrotechnik-farkas.at\/index.php?rest_route=\/wp\/v2\/types\/product"}],"replies":[{"embeddable":true,"href":"https:\/\/elektrotechnik-farkas.at\/index.php?rest_route=%2Fwp%2Fv2%2Fcomments&post=2046"}],"wp:featuredmedia":[{"embeddable":true,"href":"https:\/\/elektrotechnik-farkas.at\/index.php?rest_route=\/wp\/v2\/media\/1995"}],"wp:attachment":[{"href":"https:\/\/elektrotechnik-farkas.at\/index.php?rest_route=%2Fwp%2Fv2%2Fmedia&parent=2046"}],"wp:term":[{"taxonomy":"product_cat","embeddable":true,"href":"https:\/\/elektrotechnik-farkas.at\/index.php?rest_route=%2Fwp%2Fv2%2Fproduct_cat&post=2046"},{"taxonomy":"product_tag","embeddable":true,"href":"https:\/\/elektrotechnik-farkas.at\/index.php?rest_route=%2Fwp%2Fv2%2Fproduct_tag&post=2046"}],"curies":[{"name":"wp","href":"https:\/\/api.w.org\/{rel}","templated":true}]}}