{"id":1911,"date":"2026-01-14T13:52:49","date_gmt":"2026-01-14T13:52:49","guid":{"rendered":"https:\/\/elektrotechnik-farkas.at\/?product=enertex-meta%c2%b2-knx-standard"},"modified":"2026-02-04T15:38:01","modified_gmt":"2026-02-04T15:38:01","slug":"enertex-meta%c2%b2-knx-standard","status":"publish","type":"product","link":"https:\/\/elektrotechnik-farkas.at\/?product=enertex-meta%c2%b2-knx-standard","title":{"rendered":"Enertex\u00ae MeTa\u00b2 KNX Standard 1177-02-al"},"content":{"rendered":"<p>Der KNX Raumcontroller ist ein Tastsensor mit mechanischen Wippen, deren elektronisches<br \/>\nBeschriftungsfeld die Anzeige der auszuf\u00fchrenden Aktion erlaubt.<br \/>\nGer\u00e4teeigenschaften:<br \/>\n\u2022 Zwei elektronisch beschriftbare, mechanische Schaltwippen mit max. 40 Schaltfunktionen<br \/>\n\u2022 Separate Men\u00fc-Taste (&#8220;MeTa&#8221;) zum Umschalten der Bedienmen\u00fcs<br \/>\n\u2022 TFT Displays mit 0.1mm Aufl\u00f6sung zum Anzeigen von Zeit, Datum, Temperaturen,<br \/>\nLuftfeuchtigkeit, Reglermodus, KNX Textmeldungen und Symbolen<br \/>\n\u2022 Raumcontroller f\u00fcr zweistufige Raumtemperaturregelung mit Sollwertvorgabe f\u00fcr Heizen und<br \/>\nK\u00fchlen mit integriertem Temperatur- und Luftfeuchtesensor<br \/>\n\u2022 Eingebauter Temperatur- und Luftfeuchtesensor<br \/>\n\u2022 Integrierter Lichtsensor<br \/>\n\u2022 Bewegungserfassung durch radarbasierten Bewegungsmelder mit bis zu 3 m Reichweite und 3<br \/>\nZonen<br \/>\n\u2022 Alarmfunktion mit sechs parametrierbaren Alarmen (akustisch und\/oder optisch)<br \/>\n\u2022 Ausgabe von drei verschiedene Signalt\u00f6nen und einen Alarmton in zwei Lautst\u00e4rken<br \/>\n\u2022 Unterst\u00fctzung von bis zu acht Logikfunktionen<br \/>\n\u2022 Maximal 32 Bedienfunktionen, darunter Schalten, Dimmen, Farblichtsteuerung, Tunable White<br \/>\nSteuerungen, Jalousiesteuerung, Wertgeber, Szenenaufruf und Multimedia<br \/>\n\u2022 Mehr als 500 verschiedene Icons, freie Farbwahl f\u00fcr Texte und Icons<br \/>\n\u2022 Schrifts\u00e4tze f\u00fcr Westeurop\u00e4ische und Osteurop\u00e4ische Sprachen, kyrillisch, griechisch,<br \/>\nhebr\u00e4isch, arabisch f\u00fcr die Darstellung integriert<br \/>\n\u2022 Zwei externe bin\u00e4re Eing\u00e4nge, optional als Eingang f\u00fcr einen Temperatur-Fernf\u00fchler (z.B.<br \/>\nAlbrecht Jung Art.-Nr.: FF NTC) nutzbar<br \/>\n\u2022 Integrierter Busankoppler zur Stromversorgung \u00fcber den KNX Bus (keine zus\u00e4tzliche<br \/>\nStromversorgung erforderlich)<br \/>\nGeh\u00e4use:<br \/>\n\u2022 Eloxierte Voll-Aluminium-Geh\u00e4usefront, R\u00fcckwand Kunststoff<br \/>\n\u2022 Geh\u00e4useabmessungen: 90 x 90 x 14,6 mm<br \/>\n\u2022 Passend f\u00fcr Standard-Unterputzdose<br \/>\nStromversorgung\/Anschl\u00fcsse:<br \/>\n\u2022 Wird ausschlie\u00dflich vom KNX Bus gespeist<br \/>\nAnzeigen und Bedienung:<br \/>\n\u2022 Zwei mechanische Schaltwippen mit TFT\/IPS Technologie mit 0.1mm Aufl\u00f6sung<br \/>\n\u2022 Separate Wippe f\u00fcr die Men\u00fc-Taste (&#8220;MeTa&#8221;) zum Umschalten der Bedienmen\u00fcs<br \/>\n\u2022 Programmiertaste mit roter Programmier- LED<\/p>\n","protected":false},"excerpt":{"rendered":"<p>Der KNX Raumcontroller ist ein Tastsensor mit mechanischen Wippen, deren elektronisches Beschriftungsfeld die Anzeige der auszuf\u00fchrenden Aktion erlaubt. Ger\u00e4teeigenschaften: \u2022 Zwei elektronisch beschriftbare, mechanische Schaltwippen mit max. 40 Schaltfunktionen \u2022&hellip;<\/p>\n","protected":false},"featured_media":2025,"comment_status":"open","ping_status":"closed","template":"","meta":[],"product_cat":[56],"product_tag":[],"_links":{"self":[{"href":"https:\/\/elektrotechnik-farkas.at\/index.php?rest_route=\/wp\/v2\/product\/1911"}],"collection":[{"href":"https:\/\/elektrotechnik-farkas.at\/index.php?rest_route=\/wp\/v2\/product"}],"about":[{"href":"https:\/\/elektrotechnik-farkas.at\/index.php?rest_route=\/wp\/v2\/types\/product"}],"replies":[{"embeddable":true,"href":"https:\/\/elektrotechnik-farkas.at\/index.php?rest_route=%2Fwp%2Fv2%2Fcomments&post=1911"}],"wp:featuredmedia":[{"embeddable":true,"href":"https:\/\/elektrotechnik-farkas.at\/index.php?rest_route=\/wp\/v2\/media\/2025"}],"wp:attachment":[{"href":"https:\/\/elektrotechnik-farkas.at\/index.php?rest_route=%2Fwp%2Fv2%2Fmedia&parent=1911"}],"wp:term":[{"taxonomy":"product_cat","embeddable":true,"href":"https:\/\/elektrotechnik-farkas.at\/index.php?rest_route=%2Fwp%2Fv2%2Fproduct_cat&post=1911"},{"taxonomy":"product_tag","embeddable":true,"href":"https:\/\/elektrotechnik-farkas.at\/index.php?rest_route=%2Fwp%2Fv2%2Fproduct_tag&post=1911"}],"curies":[{"name":"wp","href":"https:\/\/api.w.org\/{rel}","templated":true}]}}