{"id":750,"date":"2023-10-03T12:15:33","date_gmt":"2023-10-03T12:15:33","guid":{"rendered":"https:\/\/elektrotechnik-farkas.at\/?page_id=750"},"modified":"2024-02-29T08:53:29","modified_gmt":"2024-02-29T08:53:29","slug":"widerrufsrecht","status":"publish","type":"page","link":"https:\/\/elektrotechnik-farkas.at\/?page_id=750","title":{"rendered":"Widerrufsrecht"},"content":{"rendered":"\t\t<div data-elementor-type=\"wp-page\" data-elementor-id=\"750\" class=\"elementor elementor-750\" data-elementor-post-type=\"page\">\n\t\t\t\t\t\t<section class=\"elementor-section elementor-top-section elementor-element elementor-element-655d434 elementor-section-stretched elementor-section-boxed elementor-section-height-default elementor-section-height-default sc_fly_static\" data-id=\"655d434\" data-element_type=\"section\" data-settings=\"{&quot;stretch_section&quot;:&quot;section-stretched&quot;}\">\n\t\t\t\t\t\t<div class=\"elementor-container elementor-column-gap-no\">\n\t\t\t\t\t<div class=\"elementor-column elementor-col-100 elementor-top-column elementor-element elementor-element-33e3f38 sc_layouts_column_align_center sc_layouts_column sc_inner_width_none sc_content_align_inherit sc_layouts_column_icons_position_left sc_fly_static\" data-id=\"33e3f38\" data-element_type=\"column\">\n\t\t\t<div class=\"elementor-widget-wrap elementor-element-populated\">\n\t\t\t\t\t\t<div class=\"elementor-element elementor-element-18fa434 sc_fly_static elementor-widget elementor-widget-heading\" data-id=\"18fa434\" data-element_type=\"widget\" data-widget_type=\"heading.default\">\n\t\t\t\t<div class=\"elementor-widget-container\">\n\t\t\t<h1 class=\"elementor-heading-title elementor-size-default\">Widerrufsrecht<\/h1>\t\t<\/div>\n\t\t\t\t<\/div>\n\t\t\t\t\t<\/div>\n\t\t<\/div>\n\t\t\t\t\t<\/div>\n\t\t<\/section>\n\t\t\t\t<section class=\"elementor-section elementor-top-section elementor-element elementor-element-6e8e2cf5 elementor-section-stretched elementor-section-boxed elementor-section-height-default elementor-section-height-default sc_fly_static\" data-id=\"6e8e2cf5\" data-element_type=\"section\" data-settings=\"{&quot;stretch_section&quot;:&quot;section-stretched&quot;}\">\n\t\t\t\t\t\t<div class=\"elementor-container elementor-column-gap-no\">\n\t\t\t\t\t<div class=\"elementor-column elementor-col-100 elementor-top-column elementor-element elementor-element-217a69c8 sc_inner_width_none sc_content_align_inherit sc_layouts_column_icons_position_left sc_fly_static\" data-id=\"217a69c8\" data-element_type=\"column\">\n\t\t\t<div class=\"elementor-widget-wrap elementor-element-populated\">\n\t\t\t\t\t\t<div class=\"elementor-element elementor-element-2e7e71f1 sc_fly_static elementor-widget elementor-widget-text-editor\" data-id=\"2e7e71f1\" data-element_type=\"widget\" data-widget_type=\"text-editor.default\">\n\t\t\t\t<div class=\"elementor-widget-container\">\n\t\t\t\t\t\t\t<p data-renderer-start-pos=\"1\">Sie haben das Recht, binnen vierzehn Tagen ohne Angabe von Gr\u00fcnden diesen Vertrag zu widerrufen. Die Widerrufsfrist betr\u00e4gt vierzehn Tage ab dem Tag an dem Sie oder ein von Ihnen benannter Dritter, der nicht der Bef\u00f6rderer ist, die Waren in Besitz genommen haben bzw. hat.<\/p><p data-renderer-start-pos=\"275\">Um Ihr Widerrufsrecht auszu\u00fcben, m\u00fcssen Sie uns an<\/p><p><strong>Rainer Farkas<br \/><\/strong>An der Wehr 4\/4<br \/>7503\u00a0Jabing<\/p><p><b>Telefon:\u00a0<\/b><a class=\"link link-with-icon-left\" href=\"tel:+436642647289\" target=\"_blank\" rel=\"noopener noreferrer\" data-gtm-event=\"kontaktinfo-phone-click\">+43664 26 47<\/a><a class=\"link link-with-icon-left\" href=\"tel:+436642647289\" target=\"_blank\" rel=\"noopener noreferrer\" data-gtm-event=\"kontaktinfo-phone-click\">\u00a0289<\/a><br \/><b>E-Mail:<\/b>\u00a0<a class=\"link link-with-icon-left\" href=\"mailto:office@elektrotechnik-farkas.at\" target=\"_blank\" rel=\"noopener\" data-gtm-event=\"kontaktinfo-mail-click\">office@elektrotechnik-farkas.at<\/a><\/p><p data-renderer-start-pos=\"381\">UID: ATU63576348<\/p><p data-renderer-start-pos=\"457\">mittels einer eindeutigen Erkl\u00e4rung (z.B. ein mit der Post versandter Brief oder E-Mail) \u00fcber Ihren Entschluss, diesen Vertrag zu widerrufen, informieren. Sie k\u00f6nnen daf\u00fcr das beigef\u00fcgte\u00a0<a href=\"https:\/\/elektrotechnik-farkas.at\/wp-content\/uploads\/2023\/10\/Form-Widerrufsformular-Anhang-I-BGBl.pdf\" target=\"_blank\" rel=\"noopener\">Muster-Widerrufsformular<\/a>\u00a0verwenden, das jedoch nicht vorgeschrieben ist. Zur Wahrung der Widerrufsfrist reicht es aus, dass Sie die Mitteilung \u00fcber die Aus\u00fcbung des Widerrufsrechts vor Ablauf der Widerrufsfrist absenden.<\/p><p data-renderer-start-pos=\"866\"><span data-renderer-mark=\"true\"><b>Folgen des Widerrufs<\/b><\/span><\/p><p data-renderer-start-pos=\"888\">Wenn Sie diesen Vertrag widerrufen, haben wir Ihnen alle Zahlungen, die wir von Ihnen erhalten haben, einschlie\u00dflich der Lieferkosten (mit Ausnahme der zus\u00e4tzlichen Kosten, die sich daraus ergeben, dass Sie eine andere Art der Lieferung als die von uns angebotene, g\u00fcnstige Standardlieferung gew\u00e4hlt haben), unverz\u00fcglich und sp\u00e4testens binnen zwanzig Tagen ab dem Tag zur\u00fcckzuzahlen, an dem die Mitteilung \u00fcber Ihren Widerruf dieses Vertrags bei uns eingegangen ist. F\u00fcr diese R\u00fcckzahlung verwenden wir dasselbe Zahlungsmittel, das Sie bei der urspr\u00fcnglichen Transaktion eingesetzt haben, es sei denn, mit Ihnen wurde ausdr\u00fccklich etwas anderes vereinbart; in keinem Fall werden Ihnen wegen dieser R\u00fcckzahlung Entgelte berechnet.<\/p><p data-renderer-start-pos=\"1619\">Wir k\u00f6nnen die R\u00fcckzahlung verweigern, bis wir die Waren wieder zur\u00fcckerhalten oder bis Sie den Nachweis erbracht haben, dass Sie die Waren zur\u00fcckgesandt haben, je nachdem, welches der fr\u00fchere Zeitpunkt ist.<\/p><p data-renderer-start-pos=\"1828\">Sie haben die Waren unverz\u00fcglich und in jedem Fall sp\u00e4testens binnen zehn Tagen ab dem Tag, an dem Sie uns \u00fcber den Widerruf dieses Vertrags unterrichten, an uns zur\u00fcckzusenden oder zu \u00fcbergeben. Die Frist ist gewahrt, wenn Sie die Waren vor Ablauf der Frist von vierzehn Tagen absenden.<\/p><p data-renderer-start-pos=\"2117\">Sie tragen die unmittelbaren Kosten der R\u00fccksendung der Waren. Sie m\u00fcssen f\u00fcr einen etwaigen Wertverlust der Waren nur aufkommen, wenn dieser Wertverlust auf einen zur Pr\u00fcfung der Beschaffenheit, Eigenschaften und Funktionsweise der Waren nicht notwendigen Umgang mit ihnen zur\u00fcckzuf\u00fchren ist.<\/p><p data-renderer-start-pos=\"2412\"><b>Ausschluss des Widerrufsrechtes<\/b><\/p><p data-renderer-start-pos=\"2445\">Das Widerrufsrecht besteht nicht bei Vertr\u00e4gen \u2212 zur Lieferung von Waren, die nicht vorgefertigt sind und f\u00fcr deren Herstellung eine individuelle Auswahl oder Bestimmung durch den Verbraucher ma\u00dfgeblich ist oder die eindeutig auf die pers\u00f6nlichen Bed\u00fcrfnisse des Verbrauchers zugeschnitten sind, \u2212 zur Lieferung von Waren, die schnell verderben k\u00f6nnen oder deren Verfallsdatum schnell \u00fcberschritten w\u00fcrde, \u2212 zur Lieferung versiegelter Waren, die aus Gr\u00fcnden des Gesundheitsschutzes oder der Hygiene nicht zur R\u00fcckgabe geeignet sind, wenn ihre Versiegelung nach der Lieferung entfernt wurde, \u2212 zur Lieferung von Waren, wenn diese nach der Lieferung auf Grund ihrer Beschaffenheit untrennbar mit anderen G\u00fctern vermischt wurden, \u2212 zur Lieferung alkoholischer Getr\u00e4nke, deren Preis bei Vertragsschluss vereinbart wurde, die aber fr\u00fchestens 30 Tage nach Vertragsschluss geliefert werden k\u00f6nnen und deren aktueller Wert von Schwankungen auf dem Markt abh\u00e4ngt, auf die der Unternehmer keinen Einfluss hat, \u2212 zur Lieferung von Ton- oder Videoaufnahmen oder Computersoftware in einer versiegelten Packung, wenn die Versiegelung nach der Lieferung entfernt wurde \u2212 zur Lieferung von Zeitungen, Zeitschriften oder Illustrierten mit Ausnahme von Abonnement-Vertr\u00e4gen.<\/p>\t\t\t\t\t\t<\/div>\n\t\t\t\t<\/div>\n\t\t\t\t<div class=\"elementor-element elementor-element-95844ab elementor-widget-divider--view-line sc_fly_static elementor-widget elementor-widget-divider\" data-id=\"95844ab\" data-element_type=\"widget\" data-widget_type=\"divider.default\">\n\t\t\t\t<div class=\"elementor-widget-container\">\n\t\t\t\t\t<div class=\"elementor-divider\">\n\t\t\t<span class=\"elementor-divider-separator\">\n\t\t\t\t\t\t<\/span>\n\t\t<\/div>\n\t\t\t\t<\/div>\n\t\t\t\t<\/div>\n\t\t\t\t\t<\/div>\n\t\t<\/div>\n\t\t\t\t\t<\/div>\n\t\t<\/section>\n\t\t\t\t<\/div>\n\t\t","protected":false},"excerpt":{"rendered":"<p>Sie haben das Recht, binnen vierzehn Tagen ohne Angabe von Gr\u00fcnden diesen Vertrag zu widerrufen. Die Widerrufsfrist betr\u00e4gt vierzehn Tage ab dem Tag an dem Sie oder ein von Ihnen&hellip;<\/p>\n","protected":false},"author":2,"featured_media":0,"parent":0,"menu_order":0,"comment_status":"closed","ping_status":"closed","template":"","meta":{"footnotes":""},"_links":{"self":[{"href":"https:\/\/elektrotechnik-farkas.at\/index.php?rest_route=\/wp\/v2\/pages\/750"}],"collection":[{"href":"https:\/\/elektrotechnik-farkas.at\/index.php?rest_route=\/wp\/v2\/pages"}],"about":[{"href":"https:\/\/elektrotechnik-farkas.at\/index.php?rest_route=\/wp\/v2\/types\/page"}],"author":[{"embeddable":true,"href":"https:\/\/elektrotechnik-farkas.at\/index.php?rest_route=\/wp\/v2\/users\/2"}],"replies":[{"embeddable":true,"href":"https:\/\/elektrotechnik-farkas.at\/index.php?rest_route=%2Fwp%2Fv2%2Fcomments&post=750"}],"version-history":[{"count":12,"href":"https:\/\/elektrotechnik-farkas.at\/index.php?rest_route=\/wp\/v2\/pages\/750\/revisions"}],"predecessor-version":[{"id":1529,"href":"https:\/\/elektrotechnik-farkas.at\/index.php?rest_route=\/wp\/v2\/pages\/750\/revisions\/1529"}],"wp:attachment":[{"href":"https:\/\/elektrotechnik-farkas.at\/index.php?rest_route=%2Fwp%2Fv2%2Fmedia&parent=750"}],"curies":[{"name":"wp","href":"https:\/\/api.w.org\/{rel}","templated":true}]}}